{"id":640,"date":"2019-05-18T20:51:51","date_gmt":"2019-05-18T20:51:51","guid":{"rendered":"http:\/\/www.gsc.upm.es\/dsc\/?page_id=640"},"modified":"2024-04-30T09:25:09","modified_gmt":"2024-04-30T09:25:09","slug":"renovacion-de-la-acreditacion","status":"publish","type":"page","link":"https:\/\/www.gsc.upm.es\/dsc\/renovacion-de-la-acreditacion\/","title":{"rendered":"Renovaci\u00f3n de la acreditaci\u00f3n"},"content":{"rendered":"\n<p><strong>El \u201cPrograma de Doctorado en Sistemas Complejos\u201d particip\u00f3 en el proceso de Renovaci\u00f3n de la Acreditaci\u00f3n 2018-19 gestionado por la Fundaci\u00f3n para el Conocimiento Madri+d, \u00f3rgano de evaluaci\u00f3n en el \u00e1mbito universitario de la Comunidad de Madrid, obteniendo una valoraci\u00f3n positiva:<\/strong><br \/><a href=\"http:\/\/www.gsc.upm.es\/dsc\/wp-content\/uploads\/2024\/04\/informe_definitivo_39832.pdf\" target=\"_blank\" rel=\"noopener noreferrer\">Informe final favorable a la Renovaci\u00f3n de la Acreditaci\u00f3n del PD en Sistemas Complejos.\u00a0<\/a><\/p>\n<p><br \/>Informaci\u00f3n adicional sobre el proceso de Renovaci\u00f3n de Acreditaci\u00f3n:<\/p>\n<ol>\n<li>Web de la Fundaci\u00f3n Madrid+d, Programa de Renovaci\u00f3n de la Acreditaci\u00f3n: <br \/><a href=\"http:\/\/www.madrimasd.org\/universidades\/evaluacion-acreditacion-verificacion\/renovacion-acreditacion\" target=\"_blank\" rel=\"noopener noreferrer\">http:\/\/www.madrimasd.org\/universidades\/evaluacion-acreditacion-verificacion\/renovacion-acreditacion<\/a><\/li>\n<li>Web de la ETSIAAB, Procesos de Renovaci\u00f3n de Acreditaciones: <br \/><a href=\"http:\/\/www.etsiaab.upm.es\/Calidad\/Acreditacion_de_Titulos\/Procesos_de_Renovacion\" target=\"_blank\" rel=\"noopener noreferrer\">http:\/\/www.etsiaab.upm.es\/Calidad\/Acreditacion_de_Titulos\/Procesos_de_Renovacion<\/a><\/li>\n<\/ol>\n","protected":false},"excerpt":{"rendered":"","protected":false},"author":1,"featured_media":0,"parent":0,"menu_order":0,"comment_status":"closed","ping_status":"closed","template":"page-single.php","meta":{"jetpack_post_was_ever_published":false,"footnotes":""},"class_list":["post-640","page","type-page","status-publish","hentry"],"jetpack-related-posts":[],"jetpack_sharing_enabled":true,"jetpack_shortlink":"https:\/\/wp.me\/PaNUQx-ak","_links":{"self":[{"href":"https:\/\/www.gsc.upm.es\/dsc\/wp-json\/wp\/v2\/pages\/640","targetHints":{"allow":["GET"]}}],"collection":[{"href":"https:\/\/www.gsc.upm.es\/dsc\/wp-json\/wp\/v2\/pages"}],"about":[{"href":"https:\/\/www.gsc.upm.es\/dsc\/wp-json\/wp\/v2\/types\/page"}],"author":[{"embeddable":true,"href":"https:\/\/www.gsc.upm.es\/dsc\/wp-json\/wp\/v2\/users\/1"}],"replies":[{"embeddable":true,"href":"https:\/\/www.gsc.upm.es\/dsc\/wp-json\/wp\/v2\/comments?post=640"}],"version-history":[{"count":10,"href":"https:\/\/www.gsc.upm.es\/dsc\/wp-json\/wp\/v2\/pages\/640\/revisions"}],"predecessor-version":[{"id":708,"href":"https:\/\/www.gsc.upm.es\/dsc\/wp-json\/wp\/v2\/pages\/640\/revisions\/708"}],"wp:attachment":[{"href":"https:\/\/www.gsc.upm.es\/dsc\/wp-json\/wp\/v2\/media?parent=640"}],"curies":[{"name":"wp","href":"https:\/\/api.w.org\/{rel}","templated":true}]}}